{"id":3,"date":"2026-02-12T20:31:06","date_gmt":"2026-02-12T19:31:06","guid":{"rendered":"https:\/\/herrlesbergtreff.de\/wordpress\/?page_id=3"},"modified":"2026-03-18T10:12:53","modified_gmt":"2026-03-18T09:12:53","slug":"datenschutzerklaerung","status":"publish","type":"page","link":"https:\/\/herrlesbergtreff.de\/wordpress\/?page_id=3","title":{"rendered":"Impressum und Datenschutzerkl\u00e4rung"},"content":{"rendered":"\n<h2 class=\"wp-block-heading\"><strong>Impressum:<\/strong><\/h2>\n\n\n\n<p><strong>Stadtteiltreff Herrlesberg<\/strong>\u00a0\u2013 St\u00e4udach 88, 72074 T\u00fcbingen.<br>Presserechtlich verantwortlich: Laura Sch\u00f6nle (VisdP) \u2013 72074 T\u00fcbingen \u2013 E-Mail: info(at)herrlesbergtreff.de<\/p>\n\n\n\n<p><strong>Datenschutzhinweis:<\/strong><\/p>\n\n\n\n<p>Von BesucherInnen dieser Seiten speichern wir keinerlei Daten. Ebensowenig verfolgen wir das Surfverhalten unserer BesucherInnen zum Beispiel durch Google-Analytics, Seitenz\u00e4hler, Herunterladen von Google-Schriften. Ausnahme: der google-Termin-Kalender.<\/p>\n\n\n\n<p>Unser Angebot kann jedoch Links zu externen Webseiten Dritter enthalten, auf deren Inhalte wir keinen Einfluss haben. Deshalb k\u00f6nnen wir f\u00fcr diese fremden Inhalte auch keine Gew\u00e4hr \u00fcbernehmen. F\u00fcr die Inhalte der verlinkten Seiten ist stets der jeweilige Anbieter oder Betreiber der Seiten verantwortlich. Die verlinkten Seiten wurden zum Zeitpunkt der Verlinkung auf m\u00f6gliche Rechtsverst\u00f6\u00dfe \u00fcberpr\u00fcft. Rechtswidrige Inhalte waren zum Zeitpunkt der Verlinkung nicht erkennbar. Eine permanente inhaltliche Kontrolle der verlinkten Seiten ist jedoch ohne konkrete Anhaltspunkte einer Rechtsverletzung nicht zumutbar. Bei bekannt werden von Rechtsverletzungen werden wir derartige Links umgehend entfernen.<\/p>\n\n\n\n<p>Sie k\u00f6nnen unsere Webseite grunds\u00e4tzlich ohne Offenlegung Ihrer Identit\u00e4t nutzen. Beim Aufrufen unserer Website werden durch den auf Ihrem Endger\u00e4t zum Einsatz kommenden Browser automatisch Informationen an den Server unseres Website-Providers gesendet. Diese Informationen werden dort tempor\u00e4r in einem sog. Logfile gespeichert. Folgende Informationen werden dabei ohne Ihr Zutun erfasst und bis zur automatisierten L\u00f6schung gespeichert:<\/p>\n\n\n\n<ul class=\"wp-block-list\">\n<li>IP-Adresse des anfragenden Rechners,<\/li>\n\n\n\n<li>Datum und Uhrzeit des Zugriffs,<\/li>\n\n\n\n<li>Name und URL der abgerufenen Datei,<\/li>\n\n\n\n<li>Website, von der aus der Zugriff erfolgt (Referrer-URL),<\/li>\n\n\n\n<li>verwendeter Browser und ggf. das Betriebssystem Ihres Rechners sowie der Name Ihres Access-Providers.<\/li>\n<\/ul>\n\n\n\n<p>Die genannten Daten werden zu folgenden Zwecken verarbeitet:<\/p>\n\n\n\n<ul class=\"wp-block-list\">\n<li>Gew\u00e4hrleistung eines reibungslosen Verbindungsaufbaus der Website,<\/li>\n\n\n\n<li>Gew\u00e4hrleistung einer komfortablen Nutzung unserer Website,<\/li>\n\n\n\n<li>Auswertung der Systemsicherheit und -stabilit\u00e4t sowie<\/li>\n\n\n\n<li>zu weiteren administrativen Zwecken.<\/li>\n<\/ul>\n\n\n\n<p>Die Rechtsgrundlage f\u00fcr die Datenverarbeitung ist Art. 6 Abs. 1 S. 1 lit. f DSGVO. Das berechtigte Interesse folgt aus oben aufgelisteten Zwecken zur Datenerhebung. In keinem Fall verwenden wir die erhobenen Daten zu dem Zweck, R\u00fcckschl\u00fcsse auf Ihre Person zu ziehen.<\/p>\n","protected":false},"excerpt":{"rendered":"<p>Impressum: Stadtteiltreff Herrlesberg\u00a0\u2013 St\u00e4udach 88, 72074 T\u00fcbingen.Presserechtlich verantwortlich: Laura Sch\u00f6nle (VisdP) \u2013 72074 T\u00fcbingen \u2013 E-Mail: info(at)herrlesbergtreff.de Datenschutzhinweis: Von BesucherInnen dieser Seiten speichern wir keinerlei Daten. Ebensowenig verfolgen wir das Surfverhalten unserer BesucherInnen zum Beispiel durch Google-Analytics, Seitenz\u00e4hler, Herunterladen von Google-Schriften. Ausnahme: der google-Termin-Kalender. Unser Angebot kann jedoch Links zu externen Webseiten Dritter enthalten, auf [&hellip;]<\/p>\n","protected":false},"author":1,"featured_media":0,"parent":0,"menu_order":0,"comment_status":"closed","ping_status":"closed","template":"","meta":{"footnotes":""},"class_list":["post-3","page","type-page","status-publish","hentry"],"_links":{"self":[{"href":"https:\/\/herrlesbergtreff.de\/wordpress\/index.php?rest_route=\/wp\/v2\/pages\/3","targetHints":{"allow":["GET"]}}],"collection":[{"href":"https:\/\/herrlesbergtreff.de\/wordpress\/index.php?rest_route=\/wp\/v2\/pages"}],"about":[{"href":"https:\/\/herrlesbergtreff.de\/wordpress\/index.php?rest_route=\/wp\/v2\/types\/page"}],"author":[{"embeddable":true,"href":"https:\/\/herrlesbergtreff.de\/wordpress\/index.php?rest_route=\/wp\/v2\/users\/1"}],"replies":[{"embeddable":true,"href":"https:\/\/herrlesbergtreff.de\/wordpress\/index.php?rest_route=%2Fwp%2Fv2%2Fcomments&post=3"}],"version-history":[{"count":2,"href":"https:\/\/herrlesbergtreff.de\/wordpress\/index.php?rest_route=\/wp\/v2\/pages\/3\/revisions"}],"predecessor-version":[{"id":128,"href":"https:\/\/herrlesbergtreff.de\/wordpress\/index.php?rest_route=\/wp\/v2\/pages\/3\/revisions\/128"}],"wp:attachment":[{"href":"https:\/\/herrlesbergtreff.de\/wordpress\/index.php?rest_route=%2Fwp%2Fv2%2Fmedia&parent=3"}],"curies":[{"name":"wp","href":"https:\/\/api.w.org\/{rel}","templated":true}]}}